{"id":53,"date":"2012-12-18T12:07:42","date_gmt":"2012-12-18T12:07:42","guid":{"rendered":"http:\/\/njoybcn.com\/?page_id=53"},"modified":"2025-10-23T13:06:15","modified_gmt":"2025-10-23T11:06:15","slug":"inicio","status":"publish","type":"page","link":"https:\/\/njoybcn.com\/es\/","title":{"rendered":"inicio"},"content":{"rendered":"<div class=\"su-image-carousel  su-image-carousel-has-spacing su-image-carousel-crop su-image-carousel-crop-21-9 su-image-carousel-has-outline su-image-carousel-adaptive su-image-carousel-slides-style-minimal su-image-carousel-controls-style-dark su-image-carousel-align-none\" style=\"\" data-flickity-options='{\"groupCells\":true,\"cellSelector\":\".su-image-carousel-item\",\"adaptiveHeight\":false,\"cellAlign\":\"left\",\"prevNextButtons\":true,\"pageDots\":true,\"autoPlay\":3000000,\"imagesLoaded\":true,\"contain\":true}' id=\"su_image_carousel_69d5a83193a4f\"><div class=\"su-image-carousel-item\"><div class=\"su-image-carousel-item-content\"><a href=\"https:\/\/njoybcn.com\/es\/cestos-de-mimbre\/\" data-caption=\"Cesta de mimbre\"><img fetchpriority=\"high\" decoding=\"async\" width=\"960\" height=\"400\" src=\"https:\/\/njoybcn.com\/wp-content\/uploads\/timthumb.jpeg\" class=\"\" alt=\"\" srcset=\"https:\/\/njoybcn.com\/wp-content\/uploads\/timthumb.jpeg 960w, https:\/\/njoybcn.com\/wp-content\/uploads\/timthumb-300x125.jpeg 300w, https:\/\/njoybcn.com\/wp-content\/uploads\/timthumb-768x320.jpeg 768w, https:\/\/njoybcn.com\/wp-content\/uploads\/timthumb-500x208.jpeg 500w, https:\/\/njoybcn.com\/wp-content\/uploads\/timthumb-624x260.jpeg 624w\" sizes=\"(max-width: 960px) 100vw, 960px\" \/><\/a><\/div><\/div><div class=\"su-image-carousel-item\"><div class=\"su-image-carousel-item-content\"><a href=\"https:\/\/njoybcn.com\/es\/animales\/\" data-caption=\"Replica de animales de ganader\u00eda\"><img decoding=\"async\" width=\"960\" height=\"400\" src=\"https:\/\/njoybcn.com\/wp-content\/uploads\/timthumb-1.jpeg\" class=\"\" alt=\"\" srcset=\"https:\/\/njoybcn.com\/wp-content\/uploads\/timthumb-1.jpeg 960w, https:\/\/njoybcn.com\/wp-content\/uploads\/timthumb-1-300x125.jpeg 300w, https:\/\/njoybcn.com\/wp-content\/uploads\/timthumb-1-768x320.jpeg 768w, https:\/\/njoybcn.com\/wp-content\/uploads\/timthumb-1-500x208.jpeg 500w, https:\/\/njoybcn.com\/wp-content\/uploads\/timthumb-1-624x260.jpeg 624w\" sizes=\"(max-width: 960px) 100vw, 960px\" \/><\/a><\/div><\/div><div class=\"su-image-carousel-item\"><div class=\"su-image-carousel-item-content\"><a href=\"https:\/\/njoybcn.com\/es\/usb-2\/\" data-caption=\"USB\"><img decoding=\"async\" width=\"960\" height=\"400\" src=\"https:\/\/njoybcn.com\/wp-content\/uploads\/timthumb.png\" class=\"\" alt=\"\" srcset=\"https:\/\/njoybcn.com\/wp-content\/uploads\/timthumb.png 960w, https:\/\/njoybcn.com\/wp-content\/uploads\/timthumb-300x125.png 300w, https:\/\/njoybcn.com\/wp-content\/uploads\/timthumb-768x320.png 768w, https:\/\/njoybcn.com\/wp-content\/uploads\/timthumb-500x208.png 500w, https:\/\/njoybcn.com\/wp-content\/uploads\/timthumb-624x260.png 624w\" sizes=\"(max-width: 960px) 100vw, 960px\" \/><\/a><\/div><\/div><\/div><script id=\"su_image_carousel_69d5a83193a4f_script\">if(window.SUImageCarousel){setTimeout(function() {window.SUImageCarousel.initGallery(document.getElementById(\"su_image_carousel_69d5a83193a4f\"))}, 0);}var su_image_carousel_69d5a83193a4f_script=document.getElementById(\"su_image_carousel_69d5a83193a4f_script\");if(su_image_carousel_69d5a83193a4f_script){su_image_carousel_69d5a83193a4f_script.parentNode.removeChild(su_image_carousel_69d5a83193a4f_script);}<\/script>\n<div class=\"su-row\">\n<div class=\"su-column su-column-size-1-2\"><div class=\"su-column-inner su-u-clearfix su-u-trim\">\n<p>Somos una empresa de <strong>productos promocionales<\/strong> con <strong>m\u00e1s de 15 a\u00f1os de experiencia<\/strong>. Con esta amplia experiencia en el sector, estamos seguros de encontrar la soluci\u00f3n que mejor se adapte a las necesidades del cliente, siempre considerando las nuevas tendencias del mercado.<\/p>\n<p>Tenemos <strong>taller de marcaje propio<\/strong> que nos permite realizar entregas urgentes.<\/p>\n<p>Podemos ofrecer desde <strong>ropa laboral<\/strong> y <strong>bolsas<\/strong> hasta <strong>regalos<\/strong> y <strong>accesorios tecnol\u00f3gicos<\/strong>.<\/p>\n<p>Hemos participado con \u00e9xito en muchos proyectos de promoci\u00f3n y comunicaci\u00f3n para <strong>organismos gubernamentales<\/strong> y <strong>corporaciones multinacionales<\/strong>, cumpliendo con los plazos de entrega con altos niveles de calidad.<\/p>\n<\/div><\/div>\n<div class=\"su-column su-column-size-1-2 su-column-last\"><div class=\"su-column-inner su-u-clearfix su-u-trim\">\n<p>Tenemos una amplia experiencia en <strong>log\u00edstica internacional<\/strong>, trabajando regularmente con compa\u00f1\u00edas multinacionales que tienen filiales y oficinas en el extranjero. Para lograr nuestros objetivos, hemos creado una estructura propia con trabajadores y almacenes en China y Bangladesh para garantizar un <strong>control de calidad \u00f3ptimo<\/strong> y poder ofrecer una <strong>distribuci\u00f3n a nivel mundial<\/strong>.<\/p>\n<p>Nuestro objetivo es facilitar y agilizar todo el proceso de <strong>dise\u00f1o<\/strong>, <strong>producci\u00f3n<\/strong> y entrega.<\/p>\n<p>Esperamos tener la oportunidad de colaborar con vosotros.<\/p>\n<\/div><\/div>\n<\/div>\n","protected":false},"excerpt":{"rendered":"","protected":false},"author":1,"featured_media":0,"parent":0,"menu_order":0,"comment_status":"closed","ping_status":"closed","template":"page-templates\/full-width.php","meta":{"site-sidebar-layout":"default","site-content-layout":"","ast-site-content-layout":"default","site-content-style":"default","site-sidebar-style":"default","ast-global-header-display":"","ast-banner-title-visibility":"","ast-main-header-display":"","ast-hfb-above-header-display":"","ast-hfb-below-header-display":"","ast-hfb-mobile-header-display":"","site-post-title":"","ast-breadcrumbs-content":"","ast-featured-img":"","footer-sml-layout":"","ast-disable-related-posts":"","theme-transparent-header-meta":"","adv-header-id-meta":"","stick-header-meta":"","header-above-stick-meta":"","header-main-stick-meta":"","header-below-stick-meta":"","astra-migrate-meta-layouts":"default","ast-page-background-enabled":"default","ast-page-background-meta":{"desktop":{"background-color":"var(--ast-global-color-5)","background-image":"","background-repeat":"repeat","background-position":"center center","background-size":"auto","background-attachment":"scroll","background-type":"","background-media":"","overlay-type":"","overlay-color":"","overlay-opacity":"","overlay-gradient":""},"tablet":{"background-color":"","background-image":"","background-repeat":"repeat","background-position":"center center","background-size":"auto","background-attachment":"scroll","background-type":"","background-media":"","overlay-type":"","overlay-color":"","overlay-opacity":"","overlay-gradient":""},"mobile":{"background-color":"","background-image":"","background-repeat":"repeat","background-position":"center center","background-size":"auto","background-attachment":"scroll","background-type":"","background-media":"","overlay-type":"","overlay-color":"","overlay-opacity":"","overlay-gradient":""}},"ast-content-background-meta":{"desktop":{"background-color":"var(--ast-global-color-4)","background-image":"","background-repeat":"repeat","background-position":"center center","background-size":"auto","background-attachment":"scroll","background-type":"","background-media":"","overlay-type":"","overlay-color":"","overlay-opacity":"","overlay-gradient":""},"tablet":{"background-color":"var(--ast-global-color-4)","background-image":"","background-repeat":"repeat","background-position":"center center","background-size":"auto","background-attachment":"scroll","background-type":"","background-media":"","overlay-type":"","overlay-color":"","overlay-opacity":"","overlay-gradient":""},"mobile":{"background-color":"var(--ast-global-color-4)","background-image":"","background-repeat":"repeat","background-position":"center center","background-size":"auto","background-attachment":"scroll","background-type":"","background-media":"","overlay-type":"","overlay-color":"","overlay-opacity":"","overlay-gradient":""}},"footnotes":""},"class_list":["post-53","page","type-page","status-publish","hentry"],"_links":{"self":[{"href":"https:\/\/njoybcn.com\/es\/wp-json\/wp\/v2\/pages\/53","targetHints":{"allow":["GET"]}}],"collection":[{"href":"https:\/\/njoybcn.com\/es\/wp-json\/wp\/v2\/pages"}],"about":[{"href":"https:\/\/njoybcn.com\/es\/wp-json\/wp\/v2\/types\/page"}],"author":[{"embeddable":true,"href":"https:\/\/njoybcn.com\/es\/wp-json\/wp\/v2\/users\/1"}],"replies":[{"embeddable":true,"href":"https:\/\/njoybcn.com\/es\/wp-json\/wp\/v2\/comments?post=53"}],"version-history":[{"count":9,"href":"https:\/\/njoybcn.com\/es\/wp-json\/wp\/v2\/pages\/53\/revisions"}],"predecessor-version":[{"id":1338,"href":"https:\/\/njoybcn.com\/es\/wp-json\/wp\/v2\/pages\/53\/revisions\/1338"}],"wp:attachment":[{"href":"https:\/\/njoybcn.com\/es\/wp-json\/wp\/v2\/media?parent=53"}],"curies":[{"name":"wp","href":"https:\/\/api.w.org\/{rel}","templated":true}]}}