{"id":115,"date":"2012-12-18T16:38:34","date_gmt":"2012-12-18T15:38:34","guid":{"rendered":"http:\/\/njoybcn.com\/?page_id=115"},"modified":"2026-03-30T14:11:04","modified_gmt":"2026-03-30T12:11:04","slug":"catalogo","status":"publish","type":"page","link":"https:\/\/njoybcn.com\/es\/catalogo\/","title":{"rendered":"Cat\u00e1logos"},"content":{"rendered":"<p>Disponemos de un amplio cat\u00e1logo de productos en stock para poder servir de manera \u00e1gil pedidos urgentes.<\/p>\n<p><a href=\"https:\/\/njoybcn.e323e.com\" target=\"_blank\" rel=\"noopener noreferrer\">Cat\u00e1logo productos promocionales<\/a><\/p>\n<p><a href=\"https:\/\/www.morethangiftscatalogue.com\/export-catalog\/us\/eur\/\" target=\"_blank\" rel=\"noopener noreferrer\">Cat\u00e1logo productos promocionales Top<\/a><\/p>\n<p><a href=\"https:\/\/www.textileeurope.com\/\" target=\"_blank\" rel=\"noopener noreferrer\">Cat\u00e1logo productos textiles<\/a><\/p>\n\n\n<p><\/p>\n","protected":false},"excerpt":{"rendered":"<p>Disponemos de un amplio cat\u00e1logo de productos en stock para poder servir de manera \u00e1gil pedidos urgentes. Cat\u00e1logo productos promocionales [&hellip;]<\/p>\n","protected":false},"author":1,"featured_media":0,"parent":0,"menu_order":0,"comment_status":"closed","ping_status":"closed","template":"","meta":{"site-sidebar-layout":"default","site-content-layout":"","ast-site-content-layout":"default","site-content-style":"default","site-sidebar-style":"default","ast-global-header-display":"","ast-banner-title-visibility":"","ast-main-header-display":"","ast-hfb-above-header-display":"","ast-hfb-below-header-display":"","ast-hfb-mobile-header-display":"","site-post-title":"","ast-breadcrumbs-content":"","ast-featured-img":"","footer-sml-layout":"","ast-disable-related-posts":"","theme-transparent-header-meta":"","adv-header-id-meta":"","stick-header-meta":"","header-above-stick-meta":"","header-main-stick-meta":"","header-below-stick-meta":"","astra-migrate-meta-layouts":"default","ast-page-background-enabled":"default","ast-page-background-meta":{"desktop":{"background-color":"var(--ast-global-color-5)","background-image":"","background-repeat":"repeat","background-position":"center center","background-size":"auto","background-attachment":"scroll","background-type":"","background-media":"","overlay-type":"","overlay-color":"","overlay-opacity":"","overlay-gradient":""},"tablet":{"background-color":"","background-image":"","background-repeat":"repeat","background-position":"center center","background-size":"auto","background-attachment":"scroll","background-type":"","background-media":"","overlay-type":"","overlay-color":"","overlay-opacity":"","overlay-gradient":""},"mobile":{"background-color":"","background-image":"","background-repeat":"repeat","background-position":"center center","background-size":"auto","background-attachment":"scroll","background-type":"","background-media":"","overlay-type":"","overlay-color":"","overlay-opacity":"","overlay-gradient":""}},"ast-content-background-meta":{"desktop":{"background-color":"var(--ast-global-color-4)","background-image":"","background-repeat":"repeat","background-position":"center center","background-size":"auto","background-attachment":"scroll","background-type":"","background-media":"","overlay-type":"","overlay-color":"","overlay-opacity":"","overlay-gradient":""},"tablet":{"background-color":"var(--ast-global-color-4)","background-image":"","background-repeat":"repeat","background-position":"center center","background-size":"auto","background-attachment":"scroll","background-type":"","background-media":"","overlay-type":"","overlay-color":"","overlay-opacity":"","overlay-gradient":""},"mobile":{"background-color":"var(--ast-global-color-4)","background-image":"","background-repeat":"repeat","background-position":"center center","background-size":"auto","background-attachment":"scroll","background-type":"","background-media":"","overlay-type":"","overlay-color":"","overlay-opacity":"","overlay-gradient":""}},"footnotes":""},"class_list":["post-115","page","type-page","status-publish","hentry"],"_links":{"self":[{"href":"https:\/\/njoybcn.com\/es\/wp-json\/wp\/v2\/pages\/115","targetHints":{"allow":["GET"]}}],"collection":[{"href":"https:\/\/njoybcn.com\/es\/wp-json\/wp\/v2\/pages"}],"about":[{"href":"https:\/\/njoybcn.com\/es\/wp-json\/wp\/v2\/types\/page"}],"author":[{"embeddable":true,"href":"https:\/\/njoybcn.com\/es\/wp-json\/wp\/v2\/users\/1"}],"replies":[{"embeddable":true,"href":"https:\/\/njoybcn.com\/es\/wp-json\/wp\/v2\/comments?post=115"}],"version-history":[{"count":12,"href":"https:\/\/njoybcn.com\/es\/wp-json\/wp\/v2\/pages\/115\/revisions"}],"predecessor-version":[{"id":1355,"href":"https:\/\/njoybcn.com\/es\/wp-json\/wp\/v2\/pages\/115\/revisions\/1355"}],"wp:attachment":[{"href":"https:\/\/njoybcn.com\/es\/wp-json\/wp\/v2\/media?parent=115"}],"curies":[{"name":"wp","href":"https:\/\/api.w.org\/{rel}","templated":true}]}}